{"id":2112,"date":"2011-07-14T19:47:05","date_gmt":"2011-07-14T19:47:05","guid":{"rendered":"http:\/\/192.168.9.29\/Development\/TB\/?page_id=14"},"modified":"2026-03-11T15:08:31","modified_gmt":"2026-03-11T15:08:31","slug":"contact-us","status":"publish","type":"page","link":"https:\/\/www.akcanbisiklet.com\/en\/contact-us\/","title":{"rendered":"Contact us"},"content":{"rendered":"<div class=\"wp-block-group is-vertical is-layout-flex wp-container-core-group-is-layout-8cf370e7 wp-block-group-is-layout-flex\">\n<div class=\"wp-block-group is-nowrap is-layout-flex wp-container-core-group-is-layout-ad2f72ca wp-block-group-is-layout-flex\">\n<div class=\"wp-block-group is-nowrap is-layout-flex wp-container-core-group-is-layout-ad2f72ca wp-block-group-is-layout-flex\">\n<div class=\"wp-block-group is-nowrap is-layout-flex wp-container-core-group-is-layout-ad2f72ca wp-block-group-is-layout-flex\">\n<div class=\"wp-block-group wp-container-content-958eb9dc is-vertical is-content-justification-left is-layout-flex wp-container-core-group-is-layout-adc7e0b5 wp-block-group-is-layout-flex\">\n<p><strong>Center<br><\/strong>4, \u015eemsettin G\u00fcnaltay Str <br>Kumsal NICOSIA CYPRUS<br><br><br>Telephone: <a href=\"tel:903922276112\">+90 392 227 61 12<\/a> <br>E-mail: <a href=\"mailto:akcanbisiklet@yahoo.com\">akcanbisiklet@yahoo.com<\/a> <br>Whatsapp :<a href=\"https:\/\/wa.me\/5428530987\">+90 542 853 09 87<\/a><\/p>\n<\/div>\n\n\n\n<div class=\"wp-block-group wp-container-content-958eb9dc is-vertical is-content-justification-left is-layout-flex wp-container-core-group-is-layout-adc7e0b5 wp-block-group-is-layout-flex\">\n<p><strong>Akcan Elite Branch<br><\/strong>Dr Faz\u0131l K\u00fc\u00e7\u00fck Avenue,<br>Naci Talat Street Opposite Alpet  NICOSIA<br>CYPRUS<br><br>Telephone: <a href=\"tel:903922256186\">+90 392 225 61 86<\/a> <br>E-mail: <a href=\"mailto:akcanbisiklet@yahoo.com\">akcanbisiklet@yahoo.com<\/a><br>Whatsapp:<a href=\"https:\/\/wa.me\/5428550987\">+90 542 855 09 87<\/a><\/p>\n<\/div>\n<\/div>\n<\/div>\n<\/div>\n<\/div>\n\n\n\n<p><br><strong>Our Working Hours<\/strong>\n\n\n\nMonday - Friday : 08:15 - 13:00 \/ 14:15 -18:00<\/p>\n\n\n\nSaturday: 08:15 - 13:30<\/p>\n\n\n\nFor current used bicycles <a href=\"tel:05428530987\">05428530987<\/a><br><\/p>\n\n\n\n<iframe src=\"https:\/\/www.google.com\/maps\/embed?pb=!1m14!1m8!1m3!1d13042.46852150872!2d33.35093!3d35.1910941!3m2!1i1024!2i768!4f13.1!3m3!1m2!1s0x14de17337a9cdf97%3A0x5db6df5dc1d62ea!2sAkcan%20Bisiklet%20Ltd.!5e0!3m2!1str!2s!4v1704921067267!5m2!1str!2s\" width=\"600\" height=\"300\" style=\"border:0;\" allowfullscreen=\"\" loading=\"lazy\" referrerpolicy=\"no-referrer-when-downgrade\"><\/iframe>\n\n\n\n<p><\/p>\n\n\n\n<p><\/p>\n\n\n\n<p><\/p>\n\n\n\n<p><\/p>\n\n\n\n<p><\/p>","protected":false},"excerpt":{"rendered":"<p>Center4, \u015eemsettin G\u00fcnaltay Str Kumsal NICOSIA CYPRUS Telephone: +90 392 227 61 12 E-mail: akcanbisiklet@yahoo.com Whatsapp :+90 542 853 09 87 Akcan Elite BranchDr Faz\u0131l K\u00fc\u00e7\u00fck Avenue,Naci Talat Street Opposite Alpet NICOSIACYPRUS Telephone: +90 392 225 61 86 E-mail: akcanbisiklet@yahoo.comWhatsapp:+90 542 855 09 87 Our Working Hours Monday - Friday : 08:15 - 13:00 \/ 14:15 -18:00 Saturday: 08:15 -&nbsp;<a href=\"https:\/\/www.akcanbisiklet.com\/en\/contact-us\/\" class=\"read-more\">Continue Reading<\/a><\/p>\n","protected":false},"author":1,"featured_media":0,"parent":0,"menu_order":6,"comment_status":"closed","ping_status":"closed","template":"page-fullwidth.php","meta":{"footnotes":""},"class_list":["post-2112","page","type-page","status-publish","hentry"],"_links":{"self":[{"href":"https:\/\/www.akcanbisiklet.com\/en\/wp-json\/wp\/v2\/pages\/2112","targetHints":{"allow":["GET"]}}],"collection":[{"href":"https:\/\/www.akcanbisiklet.com\/en\/wp-json\/wp\/v2\/pages"}],"about":[{"href":"https:\/\/www.akcanbisiklet.com\/en\/wp-json\/wp\/v2\/types\/page"}],"author":[{"embeddable":true,"href":"https:\/\/www.akcanbisiklet.com\/en\/wp-json\/wp\/v2\/users\/1"}],"replies":[{"embeddable":true,"href":"https:\/\/www.akcanbisiklet.com\/en\/wp-json\/wp\/v2\/comments?post=2112"}],"version-history":[{"count":69,"href":"https:\/\/www.akcanbisiklet.com\/en\/wp-json\/wp\/v2\/pages\/2112\/revisions"}],"predecessor-version":[{"id":5150,"href":"https:\/\/www.akcanbisiklet.com\/en\/wp-json\/wp\/v2\/pages\/2112\/revisions\/5150"}],"wp:attachment":[{"href":"https:\/\/www.akcanbisiklet.com\/en\/wp-json\/wp\/v2\/media?parent=2112"}],"curies":[{"name":"wp","href":"https:\/\/api.w.org\/{rel}","templated":true}]}}